{"id":9230,"date":"2025-01-14T05:00:44","date_gmt":"2025-01-14T04:00:44","guid":{"rendered":"http:\/\/lea-ns.com\/?page_id=9230"},"modified":"2025-03-24T22:05:22","modified_gmt":"2025-03-24T21:05:22","slug":"helly-hansen-2025","status":"publish","type":"page","link":"http:\/\/lea-ns.com\/?page_id=9230","title":{"rendered":"Helly Hansen  2025"},"content":{"rendered":"\r\n<p>HH \u00a0je norve\u0161ka robna marka osnovana 1877. Iako je internacionalno najpoznatija po proizvodnji ski opreme, radna ode\u0107a Helly Hansen je vode\u0107i skandinavski brend. HH radna ode\u0107a prisutna je gde god su za\u0161tita i performanse najva\u017eniji kriterijumi.<\/p>\r\n\r\n<p><em><strong>Radne pantalone do struka HH<\/strong><\/em><\/p>\r\n<p><a href=\"http:\/\/lea-ns.com\/?attachment_id=9310\" rel=\"attachment wp-att-9310\">\u00a0 <img decoding=\"async\" loading=\"lazy\" class=\"wp-image-9310 aligncenter\" src=\"http:\/\/lea-ns.com\/wp-content\/uploads\/2018\/09\/aker-radne-pantalone.jpg\" alt=\"aker-radne-pantalone\" width=\"383\" height=\"575\" srcset=\"http:\/\/lea-ns.com\/wp-content\/uploads\/2018\/09\/aker-radne-pantalone.jpg 400w, http:\/\/lea-ns.com\/wp-content\/uploads\/2018\/09\/aker-radne-pantalone-200x300.jpg 200w\" sizes=\"(max-width: 383px) 100vw, 383px\" \/>Radna Bluza HH\u00a0<\/a><\/p>\r\n<p>&nbsp;<\/p>\r\n\r\n<figure class=\"wp-block-image\"><img decoding=\"async\" loading=\"lazy\" width=\"800\" height=\"800\" class=\"wp-image-9323\" src=\"http:\/\/lea-ns.com\/wp-content\/uploads\/2019\/04\/Aker-softshell-jakna-SIVA-BOJA.jpg\" alt=\"\" srcset=\"http:\/\/lea-ns.com\/wp-content\/uploads\/2019\/04\/Aker-softshell-jakna-SIVA-BOJA.jpg 800w, http:\/\/lea-ns.com\/wp-content\/uploads\/2019\/04\/Aker-softshell-jakna-SIVA-BOJA-150x150.jpg 150w, http:\/\/lea-ns.com\/wp-content\/uploads\/2019\/04\/Aker-softshell-jakna-SIVA-BOJA-300x300.jpg 300w, http:\/\/lea-ns.com\/wp-content\/uploads\/2019\/04\/Aker-softshell-jakna-SIVA-BOJA-768x768.jpg 768w\" sizes=\"(max-width: 800px) 100vw, 800px\" \/><\/figure>\r\n\r\n\r\n\r\n<p>&nbsp;<\/p>\r\n\r\n\r\n\r\n<p>Radna bluza HH ( Royal plava )<\/p>\r\n\r\n\r\n\r\n<p>&nbsp;<\/p>\r\n\r\n\r\n\r\n<figure class=\"wp-block-image\"><img decoding=\"async\" loading=\"lazy\" width=\"800\" height=\"800\" class=\"wp-image-9324\" src=\"http:\/\/lea-ns.com\/wp-content\/uploads\/2019\/04\/Aker-softshell-jakna-zastitna-odeca-jakna-htz.jpg\" alt=\"\" srcset=\"http:\/\/lea-ns.com\/wp-content\/uploads\/2019\/04\/Aker-softshell-jakna-zastitna-odeca-jakna-htz.jpg 800w, http:\/\/lea-ns.com\/wp-content\/uploads\/2019\/04\/Aker-softshell-jakna-zastitna-odeca-jakna-htz-150x150.jpg 150w, http:\/\/lea-ns.com\/wp-content\/uploads\/2019\/04\/Aker-softshell-jakna-zastitna-odeca-jakna-htz-300x300.jpg 300w, http:\/\/lea-ns.com\/wp-content\/uploads\/2019\/04\/Aker-softshell-jakna-zastitna-odeca-jakna-htz-768x768.jpg 768w\" sizes=\"(max-width: 800px) 100vw, 800px\" \/><\/figure>\r\n\r\n\r\n\r\n<p><strong><em>Radne pantalone HH ( Royal plave ) <\/em><\/strong><\/p>\r\n\r\n\r\n\r\n<p>&nbsp;<\/p>\r\n\r\n\r\n\r\n<div class=\"wp-block-image\">\r\n<figure class=\"aligncenter is-resized\"><img decoding=\"async\" loading=\"lazy\" class=\"wp-image-9325\" src=\"http:\/\/lea-ns.com\/wp-content\/uploads\/2019\/04\/pantalone-hh-royal.jpg\" alt=\"\" width=\"400\" height=\"600\" srcset=\"http:\/\/lea-ns.com\/wp-content\/uploads\/2019\/04\/pantalone-hh-royal.jpg 400w, http:\/\/lea-ns.com\/wp-content\/uploads\/2019\/04\/pantalone-hh-royal-200x300.jpg 200w\" sizes=\"(max-width: 400px) 100vw, 400px\" \/><\/figure>\r\n<\/div>\r\n","protected":false},"excerpt":{"rendered":"<p>HH \u00a0je norve\u0161ka robna marka osnovana 1877. Iako je internacionalno najpoznatija po proizvodnji ski opreme, radna ode\u0107a Helly Hansen je vode\u0107i skandinavski brend. HH radna ode\u0107a prisutna je gde god su za\u0161tita i performanse najva\u017eniji kriterijumi. Radne pantalone do struka &hellip; <a href=\"http:\/\/lea-ns.com\/?page_id=9230\">\u041d\u0430\u0441\u0442\u0430\u0432\u0438\u0442\u0435 \u0441\u0430 \u0447\u0438\u0442\u0430\u045a\u0435\u043c <span class=\"meta-nav\">&rarr;<\/span><\/a><\/p>\n","protected":false},"author":1,"featured_media":0,"parent":2,"menu_order":0,"comment_status":"closed","ping_status":"closed","template":"","meta":[],"_links":{"self":[{"href":"http:\/\/lea-ns.com\/index.php?rest_route=\/wp\/v2\/pages\/9230"}],"collection":[{"href":"http:\/\/lea-ns.com\/index.php?rest_route=\/wp\/v2\/pages"}],"about":[{"href":"http:\/\/lea-ns.com\/index.php?rest_route=\/wp\/v2\/types\/page"}],"author":[{"embeddable":true,"href":"http:\/\/lea-ns.com\/index.php?rest_route=\/wp\/v2\/users\/1"}],"replies":[{"embeddable":true,"href":"http:\/\/lea-ns.com\/index.php?rest_route=%2Fwp%2Fv2%2Fcomments&post=9230"}],"version-history":[{"count":10,"href":"http:\/\/lea-ns.com\/index.php?rest_route=\/wp\/v2\/pages\/9230\/revisions"}],"predecessor-version":[{"id":9435,"href":"http:\/\/lea-ns.com\/index.php?rest_route=\/wp\/v2\/pages\/9230\/revisions\/9435"}],"up":[{"embeddable":true,"href":"http:\/\/lea-ns.com\/index.php?rest_route=\/wp\/v2\/pages\/2"}],"wp:attachment":[{"href":"http:\/\/lea-ns.com\/index.php?rest_route=%2Fwp%2Fv2%2Fmedia&parent=9230"}],"curies":[{"name":"wp","href":"https:\/\/api.w.org\/{rel}","templated":true}]}}