{"id":9148,"date":"2025-03-14T03:22:29","date_gmt":"2025-03-14T02:22:29","guid":{"rendered":"http:\/\/lea-ns.com\/?page_id=9148"},"modified":"2025-03-24T22:07:34","modified_gmt":"2025-03-24T21:07:34","slug":"zastita-za-zavarivanje","status":"publish","type":"page","link":"http:\/\/lea-ns.com\/?page_id=9148","title":{"rendered":"ZA\u0160TITA ZA ZAVARIVANJE"},"content":{"rendered":"<p>GALAXY 3000<\/p>\n<p>Automatska maska za zavarivanje, manuelno pode\u0161avanje nivoa zatamnjenja DIN 9-13, to\u010dki\u0107 za pode\u0161avanje obima maske, lako zamenjiva polikarbonatska stakla koja \u0161tite automatski filter. Radna temperatura od -50C do +550C. Maska koristi solarnu energiju, baterije nisu potrebne. Te\u017eina maske 0,49kg.<\/p>\n<p><strong>Senzor brzine zatamnjenja:<\/strong><br \/>\nSvetlo \/ mrak: 0,05 milisekundi<br \/>\nMrak \/ svetlo: 0,6 &#8211; 1 sekunde<\/p>\n<p>EN 379, EN 175, EN 169<\/p>\n<p>Koristi se kao za\u0161tita za zavarivanje.<\/p>\n<p><a href=\"http:\/\/lea-ns.com\/wp-content\/uploads\/2015\/07\/varilacke-maske.jpg\"><img decoding=\"async\" loading=\"lazy\" class=\"alignleft size-full wp-image-9149\" alt=\"varilacke-maske\" src=\"http:\/\/lea-ns.com\/wp-content\/uploads\/2015\/07\/varilacke-maske.jpg\" width=\"500\" height=\"500\" srcset=\"http:\/\/lea-ns.com\/wp-content\/uploads\/2015\/07\/varilacke-maske.jpg 500w, http:\/\/lea-ns.com\/wp-content\/uploads\/2015\/07\/varilacke-maske-150x150.jpg 150w, http:\/\/lea-ns.com\/wp-content\/uploads\/2015\/07\/varilacke-maske-300x300.jpg 300w\" sizes=\"(max-width: 500px) 100vw, 500px\" \/><\/a><\/p>\n","protected":false},"excerpt":{"rendered":"<p>GALAXY 3000 Automatska maska za zavarivanje, manuelno pode\u0161avanje nivoa zatamnjenja DIN 9-13, to\u010dki\u0107 za pode\u0161avanje obima maske, lako zamenjiva polikarbonatska stakla koja \u0161tite automatski filter. Radna temperatura od -50C do +550C. Maska koristi solarnu energiju, baterije nisu potrebne. Te\u017eina maske &hellip; <a href=\"http:\/\/lea-ns.com\/?page_id=9148\">\u041d\u0430\u0441\u0442\u0430\u0432\u0438\u0442\u0435 \u0441\u0430 \u0447\u0438\u0442\u0430\u045a\u0435\u043c <span class=\"meta-nav\">&rarr;<\/span><\/a><\/p>\n","protected":false},"author":1,"featured_media":0,"parent":0,"menu_order":0,"comment_status":"closed","ping_status":"closed","template":"","meta":[],"_links":{"self":[{"href":"http:\/\/lea-ns.com\/index.php?rest_route=\/wp\/v2\/pages\/9148"}],"collection":[{"href":"http:\/\/lea-ns.com\/index.php?rest_route=\/wp\/v2\/pages"}],"about":[{"href":"http:\/\/lea-ns.com\/index.php?rest_route=\/wp\/v2\/types\/page"}],"author":[{"embeddable":true,"href":"http:\/\/lea-ns.com\/index.php?rest_route=\/wp\/v2\/users\/1"}],"replies":[{"embeddable":true,"href":"http:\/\/lea-ns.com\/index.php?rest_route=%2Fwp%2Fv2%2Fcomments&post=9148"}],"version-history":[{"count":1,"href":"http:\/\/lea-ns.com\/index.php?rest_route=\/wp\/v2\/pages\/9148\/revisions"}],"predecessor-version":[{"id":9150,"href":"http:\/\/lea-ns.com\/index.php?rest_route=\/wp\/v2\/pages\/9148\/revisions\/9150"}],"wp:attachment":[{"href":"http:\/\/lea-ns.com\/index.php?rest_route=%2Fwp%2Fv2%2Fmedia&parent=9148"}],"curies":[{"name":"wp","href":"https:\/\/api.w.org\/{rel}","templated":true}]}}