{"id":8601,"date":"2025-03-14T05:00:03","date_gmt":"2025-03-14T04:00:03","guid":{"rendered":"http:\/\/lea-ns.com\/?page_id=8601"},"modified":"2025-03-24T22:00:58","modified_gmt":"2025-03-24T21:00:58","slug":"lea-n-s-doo","status":"publish","type":"page","link":"http:\/\/lea-ns.com\/?page_id=8601","title":{"rendered":"Lea N.S. doo"},"content":{"rendered":"<p><strong>Za\u0161titna oprema<\/strong>, odnosno\u00a0<strong>li\u010dna za\u0161titna sredstva<\/strong>, ne\u0161to su \u0161to je u obavezi da poseduje svaka firma. Funkcija za\u0161titne opreme je osiguravanje bezbednosti zaposlenih, te ste Vi, kao poslodavac, du\u017eni da ispo\u0161tujete\u00a0<strong><em>Zakon o bezbednosti i za\u0161titi zdravlja na radu<\/em><\/strong>. Prema tom zakonu, svako preduze\u0107e mora da nabavi li\u010dna za\u0161titna sredstva, u skladu sa delatno\u0161\u0107u kojom se bavi.<\/p>\n<p>Kada se ka\u017ee\u00a0<strong>HTZ oprema<\/strong>, prva asocijacija su\u00a0<strong>radna odela<\/strong>,\u00a0<strong>\u0161lemovi<\/strong>,\u00a0<strong>za\u0161titne \u010dizme<\/strong>&#8230; Me\u0111utim, postoji jo\u0161 niz proizvoda koji slu\u017ee ovoj svrsi, a koji su potrebni u<strong>\u00a0zdravstvu<\/strong>,<strong>ugostiteljstvu<\/strong>, raznim proizvodnim i uslu\u017enim delatnostima, pa \u010dak i u kancelarijskim poslovima.<\/p>\n<p>Kako bi se\u00a0<strong>za\u0161tita na radu<\/strong>\u00a0adekvatno sprovela, veoma je va\u017eno da saznate \u0161ta Vam je sve potrebno za Va\u0161u delatnost, a zatim i sve to na\u0111ete, na jednom mestu. Dragocenu pomo\u0107 pru\u017ei\u0107e Vam\u00a0<em>Lea N.S.<\/em>\u00a0doo, \u010dija\u00a0<strong>proizvodnja i prodaja za\u0161titne opreme<\/strong>\u00a0obuhvata<strong>ogroman asortiman kvalitetne HTZ opreme<\/strong>.<\/p>\n<p><strong><em>Lea N.S.\u00a0<\/em>doo\u00a0<\/strong>je<strong>\u00a0veleprodaja za\u0161titne opreme<\/strong>, koja uspe\u0161no posluje od 2008. godine. Osnovni koncept firme je baziran na pru\u017eanju najefikasnijeg i i najadekvatnije re\u0161enja za pru\u017eanje za\u0161tite na radu. Firma svakodnevno prati evropske promene o\u00a0<em>Zakonu bezbednosti na radu<\/em>, tako da svi njihovi kupci mogu bezbedno da rade i budu za\u0161ti\u0107eni na svom radnom mestu, i uz to da budu sigurni da je sve u skladu sa zakonom.<\/p>\n<p>U asortimanu ove\u00a0<strong>veleprodaje za\u0161titne opreme<\/strong>\u00a0nalaze se slede\u0107a li\u010dna za\u0161titna sredstva:<\/p>\n<ul>\n<li><strong>Radna ode\u0107a\u00a0<\/strong>&#8211; radni kombinezoni, radne pantalone, radne bluze; vi\u0161e vrsta modela i dizajna, marke Emerton, Desman, Eland, Stanmore, Brondby, Arges, Olza<\/li>\n<li><strong>Radna obu\u0107a<\/strong>\u00a0&#8211; radne cipele (plitke i duboke), radne \u010dizme; veliki izbor vrsta, modela i proizvo\u0111a\u010da, sanitarna obu\u0107a<\/li>\n<li><strong>Za\u0161tita od pada<\/strong>\u00a0&#8211; za\u0161titni opasa\u010di za visinske radove, monterski opasa\u010di<\/li>\n<li><strong>Za\u0161titne rukavice<\/strong>\u00a0&#8211; ko\u017ene za\u0161titne rukavice Frankolin, A klase, kombinovane rukavice, tekstilne rukavice, lateks i hemijske rukavice<\/li>\n<li><strong>Radni prsluci<\/strong>\u00a0&#8211; vodonepropusni prsluci, termo prsluci, HTZ prsluci; velik izbor modela, moderan i prakti\u010dan dizajn, vrste prema godi\u0161njem dobu<\/li>\n<li><strong>Za\u0161tita glave, lica i sluha<\/strong>\u00a0&#8211; maske za zavarivanje, za\u0161titni \u0161lemovi, za\u0161titni viziri, za\u0161titne nao\u010dare, antifoni, \u010depi\u0107i za u\u0161i;<\/li>\n<li><strong>Za\u0161tita od visokih temperatura<\/strong><\/li>\n<li><strong>HACCP ode\u0107a\u00a0<\/strong>&#8211; HACCP mantili i odela, kuvarske uniforme, medicinske uniforme<\/li>\n<li><strong>Za\u0161titna ode\u0107a visoke vidljivosti<\/strong>\u00a0&#8211; fluorescentna za\u0161titna oprema<\/li>\n<li><strong>Za\u0161titna oprema za jednokratnu upotrebu<\/strong>\u00a0&#8211; rukavice, kecelje, navlake za obu\u0107u<\/li>\n<li><strong>Majice<\/strong>,<strong>\u00a0ka\u010dketi\u00a0<\/strong>i\u00a0<strong>duksevi<\/strong>, koji mogu biti\u00a0<strong>radne uniforme<\/strong>,\u00a0<strong>reklamna ode\u0107a<\/strong>, uniforme za promotere.<\/li>\n<\/ul>\n<p>Uz to, mo\u017eete se odlu\u010diti i za\u00a0<strong>\u0161tampu\u00a0<\/strong>ili<strong>\u00a0vez logoa<\/strong>\u00a0<strong>na radnim odelima<\/strong>, uslugu koju \u0107e Vam tako\u0111e ponuditi. Va\u0161e ideje bi\u0107e ispo\u0161tovane i realizovane, i vrlo brzo \u0107ete dobiti radna odela spremna za rad!<\/p>\n<p>Pored toga \u0161to Vam se pru\u017ea izuzetno raznovrstan izbor robe, ovde \u0107ete dobiti i ne\u0161to \u0161to ne mo\u017ee da se kupi &#8211; stru\u010dan savet na koji se mo\u017eete osloniti. Jer, tek kada je nabavljena sva neophodna HTZ oprema, mo\u0107i \u0107ete da poslujete bez brige.<\/p>\n","protected":false},"excerpt":{"rendered":"<p>Za\u0161titna oprema, odnosno\u00a0li\u010dna za\u0161titna sredstva, ne\u0161to su \u0161to je u obavezi da poseduje svaka firma. Funkcija za\u0161titne opreme je osiguravanje bezbednosti zaposlenih, te ste Vi, kao poslodavac, du\u017eni da ispo\u0161tujete\u00a0Zakon o bezbednosti i za\u0161titi zdravlja na radu. Prema tom zakonu, &hellip; <a href=\"http:\/\/lea-ns.com\/?page_id=8601\">\u041d\u0430\u0441\u0442\u0430\u0432\u0438\u0442\u0435 \u0441\u0430 \u0447\u0438\u0442\u0430\u045a\u0435\u043c <span class=\"meta-nav\">&rarr;<\/span><\/a><\/p>\n","protected":false},"author":1,"featured_media":0,"parent":0,"menu_order":0,"comment_status":"closed","ping_status":"closed","template":"","meta":[],"_links":{"self":[{"href":"http:\/\/lea-ns.com\/index.php?rest_route=\/wp\/v2\/pages\/8601"}],"collection":[{"href":"http:\/\/lea-ns.com\/index.php?rest_route=\/wp\/v2\/pages"}],"about":[{"href":"http:\/\/lea-ns.com\/index.php?rest_route=\/wp\/v2\/types\/page"}],"author":[{"embeddable":true,"href":"http:\/\/lea-ns.com\/index.php?rest_route=\/wp\/v2\/users\/1"}],"replies":[{"embeddable":true,"href":"http:\/\/lea-ns.com\/index.php?rest_route=%2Fwp%2Fv2%2Fcomments&post=8601"}],"version-history":[{"count":13,"href":"http:\/\/lea-ns.com\/index.php?rest_route=\/wp\/v2\/pages\/8601\/revisions"}],"predecessor-version":[{"id":8603,"href":"http:\/\/lea-ns.com\/index.php?rest_route=\/wp\/v2\/pages\/8601\/revisions\/8603"}],"wp:attachment":[{"href":"http:\/\/lea-ns.com\/index.php?rest_route=%2Fwp%2Fv2%2Fmedia&parent=8601"}],"curies":[{"name":"wp","href":"https:\/\/api.w.org\/{rel}","templated":true}]}}