{"id":706,"date":"2025-01-09T07:00:38","date_gmt":"2025-01-09T06:00:38","guid":{"rendered":"http:\/\/lea-ns.com\/?page_id=706"},"modified":"2025-03-24T22:04:55","modified_gmt":"2025-03-24T21:04:55","slug":"zastitna-oprema-htz-lea-ns-doo","status":"publish","type":"page","link":"http:\/\/lea-ns.com\/?page_id=706","title":{"rendered":"RADNA ODE\u0106A ( doma\u0107a proizvodnja )"},"content":{"rendered":"<p>&nbsp;<\/p>\n<p><span style=\"color: #ff0000;\"><em><strong>Pilot Odelo : \u00a0( Akcija od 09 jula 2015 )<\/strong><\/em><\/span><\/p>\n<p>dvodelno odelo proizvedeno od 65% PE i 35% pamuka, 220-240 g\/m<sup>2<\/sup>, bluza sa crvenim paspulima i pantalone sa tregerima.<\/p>\n<p>Mo\u017ee se koristiti na mno\u0161tvu radnih mesta u gra\u0111evinskoj industriji, radionicama, automobilskoj industriji, magacinima, itd.<\/p>\n<p>Veli\u010dina: 46-68<\/p>\n<p>&nbsp;<\/p>\n<p><a href=\"http:\/\/lea-ns.com\/wp-content\/uploads\/2015\/07\/pilot-odelo.jpg\"><img decoding=\"async\" loading=\"lazy\" class=\"alignleft size-full wp-image-9056\" alt=\"pilot odelo\" src=\"http:\/\/lea-ns.com\/wp-content\/uploads\/2015\/07\/pilot-odelo.jpg\" width=\"500\" height=\"500\" srcset=\"http:\/\/lea-ns.com\/wp-content\/uploads\/2015\/07\/pilot-odelo.jpg 500w, http:\/\/lea-ns.com\/wp-content\/uploads\/2015\/07\/pilot-odelo-150x150.jpg 150w, http:\/\/lea-ns.com\/wp-content\/uploads\/2015\/07\/pilot-odelo-300x300.jpg 300w\" sizes=\"(max-width: 500px) 100vw, 500px\" \/><\/a><\/p>\n<p>&nbsp;<\/p>\n<p>&nbsp;<\/p>\n<p>&nbsp;<\/p>\n<p>&nbsp;<\/p>\n<p>&nbsp;<\/p>\n<p>&nbsp;<\/p>\n<p>&nbsp;<\/p>\n<p>&nbsp;<\/p>\n<p>&nbsp;<\/p>\n<p>&nbsp;<\/p>\n<p>&nbsp;<\/p>\n<p>&nbsp;<\/p>\n<p>&nbsp;<\/p>\n<p>&nbsp;<\/p>\n<p>Radno odelo Pilot 100 % pamuk namenjeno variocima .<\/p>\n<p>&nbsp;<\/p>\n<p><span style=\"text-decoration: underline; color: #ff0000;\">\u00a0<\/span><\/p>\n<p><img decoding=\"async\" alt=\"Spark odelo\" src=\"http:\/\/www.albo.biz\/content\/slpr\/radno-zastitno-odelo-varilacko-varenje-varnice-spark-od-0029.jpg\" \/><\/p>\n<p><strong><em><span style=\"color: #ff0000;\">Radno odela Lux ( vi\u0161e boja u ponudi )\u00a0<\/span><\/em><\/strong><\/p>\n<p><a href=\"http:\/\/lea-ns.com\/wp-content\/uploads\/2015\/08\/20150902_141840.jpg\"><img decoding=\"async\" loading=\"lazy\" class=\"alignleft size-large wp-image-9183\" alt=\"20150902_141840\" src=\"http:\/\/lea-ns.com\/wp-content\/uploads\/2015\/08\/20150902_141840-1024x576.jpg\" width=\"584\" height=\"328\" srcset=\"http:\/\/lea-ns.com\/wp-content\/uploads\/2015\/08\/20150902_141840-1024x576.jpg 1024w, http:\/\/lea-ns.com\/wp-content\/uploads\/2015\/08\/20150902_141840-300x168.jpg 300w, http:\/\/lea-ns.com\/wp-content\/uploads\/2015\/08\/20150902_141840-500x281.jpg 500w\" sizes=\"(max-width: 584px) 100vw, 584px\" \/><\/a><\/p>\n<p>&nbsp;<\/p>\n<p>&nbsp;<\/p>\n<p>Radno odelo EMA ( BLUZA + PANTALONE DO STRUKA ) \u00a0dostupno u vise boja.<\/p>\n<p><a href=\"http:\/\/lea-ns.com\/wp-content\/uploads\/2015\/07\/BUG_3959-copy.jpg\"><img decoding=\"async\" loading=\"lazy\" class=\"alignleft size-large wp-image-9074\" alt=\"BUG_3959-copy\" src=\"http:\/\/lea-ns.com\/wp-content\/uploads\/2015\/07\/BUG_3959-copy-1024x681.jpg\" width=\"540\" height=\"359\" srcset=\"http:\/\/lea-ns.com\/wp-content\/uploads\/2015\/07\/BUG_3959-copy-1024x681.jpg 1024w, http:\/\/lea-ns.com\/wp-content\/uploads\/2015\/07\/BUG_3959-copy-300x199.jpg 300w\" sizes=\"(max-width: 540px) 100vw, 540px\" \/><\/a><\/p>\n<p>&nbsp;<\/p>\n<p>&nbsp;<\/p>\n<p>&nbsp;<\/p>\n<p>&nbsp;<\/p>\n<p>&nbsp;<\/p>\n<p>&nbsp;<\/p>\n<p>&nbsp;<\/p>\n<p>&nbsp;<\/p>\n<p>&nbsp;<\/p>\n<p>&nbsp;<\/p>\n<p><a href=\"http:\/\/lea-ns.com\/wp-content\/uploads\/2015\/07\/BUG_3961-copy.jpg\"><img decoding=\"async\" loading=\"lazy\" class=\"alignleft size-large wp-image-9076\" alt=\"BUG_3961-copy\" src=\"http:\/\/lea-ns.com\/wp-content\/uploads\/2015\/07\/BUG_3961-copy-1024x681.jpg\" width=\"540\" height=\"359\" srcset=\"http:\/\/lea-ns.com\/wp-content\/uploads\/2015\/07\/BUG_3961-copy-1024x681.jpg 1024w, http:\/\/lea-ns.com\/wp-content\/uploads\/2015\/07\/BUG_3961-copy-300x199.jpg 300w\" sizes=\"(max-width: 540px) 100vw, 540px\" \/><\/a><\/p>\n<p>&nbsp;<\/p>\n<p>&nbsp;<\/p>\n<p>&nbsp;<\/p>\n<p>&nbsp;<\/p>\n<p>&nbsp;<\/p>\n<p>&nbsp;<\/p>\n<p>&nbsp;<\/p>\n<p>&nbsp;<\/p>\n<p>&nbsp;<\/p>\n<p>&nbsp;<\/p>\n<p>Radno odelo Lux ( bluza + pantalone na tregere ) dostupno u vise boja.<\/p>\n<p><a href=\"http:\/\/lea-ns.com\/wp-content\/uploads\/2015\/07\/Odelo-LUX-jakna.jpg\"><img decoding=\"async\" loading=\"lazy\" class=\"alignleft size-full wp-image-9079\" alt=\"Odelo-LUX-jakna\" src=\"http:\/\/lea-ns.com\/wp-content\/uploads\/2015\/07\/Odelo-LUX-jakna.jpg\" width=\"670\" height=\"693\" srcset=\"http:\/\/lea-ns.com\/wp-content\/uploads\/2015\/07\/Odelo-LUX-jakna.jpg 670w, http:\/\/lea-ns.com\/wp-content\/uploads\/2015\/07\/Odelo-LUX-jakna-290x300.jpg 290w\" sizes=\"(max-width: 670px) 100vw, 670px\" \/><\/a><\/p>\n<p>&nbsp;<\/p>\n<p>&nbsp;<\/p>\n<p>&nbsp;<\/p>\n<p>&nbsp;<\/p>\n<p>&nbsp;<\/p>\n<p>&nbsp;<\/p>\n<p>&nbsp;<\/p>\n<p>&nbsp;<\/p>\n<p>&nbsp;<\/p>\n<p>&nbsp;<\/p>\n<p>&nbsp;<\/p>\n<p>&nbsp;<\/p>\n<p>&nbsp;<\/p>\n<p>&nbsp;<\/p>\n<p>&nbsp;<\/p>\n<p>&nbsp;<\/p>\n<p>&nbsp;<\/p>\n<p>&nbsp;<\/p>\n<p>&nbsp;<\/p>\n<p><a href=\"http:\/\/lea-ns.com\/wp-content\/uploads\/2015\/07\/Odelo-LUX-pantalone.jpg\"><img decoding=\"async\" loading=\"lazy\" class=\"alignleft size-large wp-image-9080\" alt=\"Odelo-LUX-pantalone\" src=\"http:\/\/lea-ns.com\/wp-content\/uploads\/2015\/07\/Odelo-LUX-pantalone-593x1024.jpg\" width=\"540\" height=\"932\" srcset=\"http:\/\/lea-ns.com\/wp-content\/uploads\/2015\/07\/Odelo-LUX-pantalone-593x1024.jpg 593w, http:\/\/lea-ns.com\/wp-content\/uploads\/2015\/07\/Odelo-LUX-pantalone-174x300.jpg 174w, http:\/\/lea-ns.com\/wp-content\/uploads\/2015\/07\/Odelo-LUX-pantalone.jpg 739w\" sizes=\"(max-width: 540px) 100vw, 540px\" \/><\/a><\/p>\n<p>&nbsp;<\/p>\n<p>&nbsp;<\/p>\n<p>&nbsp;<\/p>\n<p>&nbsp;<\/p>\n<p>&nbsp;<\/p>\n<p>&nbsp;<\/p>\n<p>&nbsp;<\/p>\n<p>&nbsp;<\/p>\n<p>&nbsp;<\/p>\n<p>&nbsp;<\/p>\n<p>&nbsp;<\/p>\n<p>&nbsp;<\/p>\n<p>&nbsp;<\/p>\n<p>&nbsp;<\/p>\n<p>&nbsp;<\/p>\n<p>&nbsp;<\/p>\n<p>&nbsp;<\/p>\n<p>&nbsp;<\/p>\n<p>&nbsp;<\/p>\n<p>&nbsp;<\/p>\n<p>&nbsp;<\/p>\n<p>&nbsp;<\/p>\n<p>&nbsp;<\/p>\n<p>&nbsp;<\/p>\n<p>&nbsp;<\/p>\n<h3><em><strong>Pilot \u00a0radne radne pantalone ( diolen ili 100 % pamuk )<\/strong><\/em><\/h3>\n<p>Pantalone sa tregerima i crvenim paspulima, prakti\u010dne i udobne.<\/p>\n<p>Mogu ih nositi auto-mehani\u010dari, auto-lakireri, gra\u0111evinski radnici, radnici u drvnoj industriji, stolari, zaposleni u ma\u0161inskoj industriji, itd.<\/p>\n<p><a href=\"http:\/\/lea-ns.com\/wp-content\/uploads\/2015\/07\/pilot-polukombinezon-radno-odelo-pantalone-tregeri-teget-plavo-od-0170.jpg\"><img decoding=\"async\" loading=\"lazy\" class=\"alignleft size-full wp-image-9058\" alt=\"pilot-polukombinezon-radno-odelo-pantalone-tregeri-teget-plavo-od-0170\" src=\"http:\/\/lea-ns.com\/wp-content\/uploads\/2015\/07\/pilot-polukombinezon-radno-odelo-pantalone-tregeri-teget-plavo-od-0170.jpg\" width=\"500\" height=\"500\" srcset=\"http:\/\/lea-ns.com\/wp-content\/uploads\/2015\/07\/pilot-polukombinezon-radno-odelo-pantalone-tregeri-teget-plavo-od-0170.jpg 500w, http:\/\/lea-ns.com\/wp-content\/uploads\/2015\/07\/pilot-polukombinezon-radno-odelo-pantalone-tregeri-teget-plavo-od-0170-150x150.jpg 150w, http:\/\/lea-ns.com\/wp-content\/uploads\/2015\/07\/pilot-polukombinezon-radno-odelo-pantalone-tregeri-teget-plavo-od-0170-300x300.jpg 300w\" sizes=\"(max-width: 500px) 100vw, 500px\" \/><\/a><\/p>\n<p>&nbsp;<\/p>\n<p>&nbsp;<\/p>\n<p>&nbsp;<\/p>\n<p>&nbsp;<\/p>\n<p>&nbsp;<\/p>\n<p>&nbsp;<\/p>\n<p>&nbsp;<\/p>\n<p>&nbsp;<\/p>\n<p>&nbsp;<\/p>\n<p>&nbsp;<\/p>\n<p>&nbsp;<\/p>\n<p>&nbsp;<\/p>\n<p>&nbsp;<\/p>\n<p>&nbsp;<\/p>\n<h3>\u00a0 JSP Kombinezon :<\/h3>\n<p>Gumirani kombinezon sa kapulja\u010dom i elasti\u010dnim man\u017eetnama na rukavima i nogavicama, otporan na rastvore kiselina i baza. EN 465<\/p>\n<p>Pogodan za upotrebu u hemijskoj industriji, komunalnim slu\u017ebama, na poslovima prerade otpada i poslovima vezanim za kanalizaciju, itd. \u00a0\u00a0Veli\u010dina: L-XXXL<\/p>\n<p><a href=\"http:\/\/lea-ns.com\/wp-content\/uploads\/2015\/07\/zastitni-kombinezon-htz-oprema-od-085.jpg\"><img decoding=\"async\" loading=\"lazy\" class=\"alignleft size-full wp-image-9061\" alt=\"zastitni-kombinezon-htz-oprema-od-085\" src=\"http:\/\/lea-ns.com\/wp-content\/uploads\/2015\/07\/zastitni-kombinezon-htz-oprema-od-085.jpg\" width=\"500\" height=\"500\" srcset=\"http:\/\/lea-ns.com\/wp-content\/uploads\/2015\/07\/zastitni-kombinezon-htz-oprema-od-085.jpg 500w, http:\/\/lea-ns.com\/wp-content\/uploads\/2015\/07\/zastitni-kombinezon-htz-oprema-od-085-150x150.jpg 150w, http:\/\/lea-ns.com\/wp-content\/uploads\/2015\/07\/zastitni-kombinezon-htz-oprema-od-085-300x300.jpg 300w\" sizes=\"(max-width: 500px) 100vw, 500px\" \/><\/a><\/p>\n<p>&nbsp;<\/p>\n<p>&nbsp;<\/p>\n<p>&nbsp;<\/p>\n<p>&nbsp;<\/p>\n<p>&nbsp;<\/p>\n<p>&nbsp;<\/p>\n<p>&nbsp;<\/p>\n<p>&nbsp;<\/p>\n<p>&nbsp;<\/p>\n<p>&nbsp;<\/p>\n<p>&nbsp;<\/p>\n<p>&nbsp;<\/p>\n<p>&nbsp;<\/p>\n<p>&nbsp;<\/p>\n<h3>Radni mantil :<a href=\"http:\/\/www.albo.biz\/sr-rs\/Radna-odeca-ALBO\/HACCP-and-Gastro\/Mantil-muski-teget\"><br \/>\n<\/a><\/h3>\n<p>Radni mantil teget boje, mu\u0161ki model.<\/p>\n<p><a href=\"http:\/\/lea-ns.com\/wp-content\/uploads\/2015\/07\/mantil-plavi-muski-radionica-htz-laboratorija-apoteka-fabrika-proizvodnja-blue-lab-coat-man-od-0190.jpg\"><img decoding=\"async\" loading=\"lazy\" class=\"alignleft size-full wp-image-9063\" alt=\"mantil-plavi-muski-radionica-htz-laboratorija-apoteka-fabrika-proizvodnja-blue-lab-coat-man-od-0190\" src=\"http:\/\/lea-ns.com\/wp-content\/uploads\/2015\/07\/mantil-plavi-muski-radionica-htz-laboratorija-apoteka-fabrika-proizvodnja-blue-lab-coat-man-od-0190.jpg\" width=\"500\" height=\"500\" srcset=\"http:\/\/lea-ns.com\/wp-content\/uploads\/2015\/07\/mantil-plavi-muski-radionica-htz-laboratorija-apoteka-fabrika-proizvodnja-blue-lab-coat-man-od-0190.jpg 500w, http:\/\/lea-ns.com\/wp-content\/uploads\/2015\/07\/mantil-plavi-muski-radionica-htz-laboratorija-apoteka-fabrika-proizvodnja-blue-lab-coat-man-od-0190-150x150.jpg 150w, http:\/\/lea-ns.com\/wp-content\/uploads\/2015\/07\/mantil-plavi-muski-radionica-htz-laboratorija-apoteka-fabrika-proizvodnja-blue-lab-coat-man-od-0190-300x300.jpg 300w\" sizes=\"(max-width: 500px) 100vw, 500px\" \/><\/a><\/p>\n<p>&nbsp;<\/p>\n<p><strong>\u00a0<\/strong><\/p>\n<p>&nbsp;<\/p>\n<p>&nbsp;<\/p>\n<p>&nbsp;<\/p>\n<p>&nbsp;<\/p>\n<p>&nbsp;<\/p>\n<p>&nbsp;<\/p>\n<p>&nbsp;<\/p>\n<p>&nbsp;<\/p>\n<p>&nbsp;<\/p>\n<p>&nbsp;<\/p>\n<p>&nbsp;<\/p>\n<p>&nbsp;<\/p>\n<h3>Radni mantil zenski :<a href=\"http:\/\/www.albo.biz\/sr-rs\/Radna-odeca-ALBO\/HACCP-and-Gastro\/Mantil-zenski-teget\"><br \/>\n<\/a><\/h3>\n<p>Radni mantil teget boje, \u017eenski model.<\/p>\n<p><a href=\"http:\/\/lea-ns.com\/wp-content\/uploads\/2015\/07\/mantil-plavi-zenski-proizvodnja-laboratorija-magacin-prodaja-lab-coat-lady-women-blue-od-0210.jpg\"><img decoding=\"async\" loading=\"lazy\" class=\"alignleft size-full wp-image-9065\" alt=\"mantil-plavi-zenski-proizvodnja-laboratorija-magacin-prodaja-lab-coat-lady-women-blue-od-0210\" src=\"http:\/\/lea-ns.com\/wp-content\/uploads\/2015\/07\/mantil-plavi-zenski-proizvodnja-laboratorija-magacin-prodaja-lab-coat-lady-women-blue-od-0210.jpg\" width=\"500\" height=\"500\" srcset=\"http:\/\/lea-ns.com\/wp-content\/uploads\/2015\/07\/mantil-plavi-zenski-proizvodnja-laboratorija-magacin-prodaja-lab-coat-lady-women-blue-od-0210.jpg 500w, http:\/\/lea-ns.com\/wp-content\/uploads\/2015\/07\/mantil-plavi-zenski-proizvodnja-laboratorija-magacin-prodaja-lab-coat-lady-women-blue-od-0210-150x150.jpg 150w, http:\/\/lea-ns.com\/wp-content\/uploads\/2015\/07\/mantil-plavi-zenski-proizvodnja-laboratorija-magacin-prodaja-lab-coat-lady-women-blue-od-0210-300x300.jpg 300w\" sizes=\"(max-width: 500px) 100vw, 500px\" \/><\/a><\/p>\n<p>&nbsp;<\/p>\n<p>&nbsp;<\/p>\n<p>&nbsp;<\/p>\n<p>&nbsp;<\/p>\n<p>&nbsp;<\/p>\n<p>&nbsp;<\/p>\n<p>&nbsp;<\/p>\n<p>&nbsp;<\/p>\n<p>&nbsp;<\/p>\n<p>&nbsp;<\/p>\n<p>&nbsp;<\/p>\n<p>&nbsp;<\/p>\n<p>&nbsp;<\/p>\n<p>&nbsp;<\/p>\n<p>Radno odelo belo : Moler<\/p>\n<p><span style=\"text-decoration: underline;\"><span style=\"color: #ff0000; text-decoration: underline;\">\u00a0<\/span><\/span><\/p>\n<p><img decoding=\"async\" alt=\"Moler odelo\" src=\"http:\/\/www.albo.biz\/content\/slpr\/protective-suit-equipment-od-0016.jpg\" \/><\/p>\n<p>Ulozak za radna odela :<\/p>\n<p><img decoding=\"async\" alt=\"Pilot ulo\u017eak\" src=\"http:\/\/www.albo.biz\/content\/slpr\/podkombinezon-zastita-na-radu-od-308.jpg\" \/><\/p>\n<p><span style=\"text-decoration: underline; color: #ff0000;\">\u00a0<\/span><\/p>\n<p>Radni kombinezon Teget sa crvenim paspulima i ojacanjima na laktovima i kolenima ( mogucnost skidanja rukava )<\/p>\n<p><img decoding=\"async\" alt=\"AVIO Kombinezon\" src=\"http:\/\/www.albo.biz\/content\/slpr\/kombinezon-radni-htz-zastita-od-011.jpg\" \/><\/p>\n<p><span style=\"text-decoration: underline; color: #ff0000;\">\u00a0<\/span><\/p>\n<p>Radni kombinezon beli 100 % pamuk, rukavi na skidanje.<\/p>\n<p><img decoding=\"async\" alt=\"Moler\" src=\"http:\/\/www.albo.biz\/content\/slpr\/kombinezon-radni-htz-zastita-od-0126.jpg\" \/><\/p>\n<p>&nbsp;<\/p>\n<p>Radno odelo po\u00a0Haccp-u \u00a0standardu :<\/p>\n<p><img decoding=\"async\" alt=\"HACCP Odelo\" src=\"http:\/\/www.albo.biz\/content\/slpr\/sanitarno-odelo-haccp-oprema-od-5556.jpg\" \/><\/p>\n<p><span style=\"text-decoration: underline;\"><span style=\"color: #ff0000; text-decoration: underline;\">\u00a0<\/span><\/span><\/p>\n<p>Radni beli mantil po Haccp-u \u00a0standardu :<\/p>\n<p><img decoding=\"async\" alt=\"HACCP Mantil\" src=\"http:\/\/www.albo.biz\/content\/slpr\/sanitarni-mantil-haccp-oprema-od-5586.jpg\" \/><\/p>\n<p><span style=\"text-decoration: underline;\"><span style=\"color: #ff0000; text-decoration: underline;\">\u00a0<\/span><\/span><\/p>\n<p>Kuvarsko odelo :<\/p>\n<p><img decoding=\"async\" alt=\"Kuvar\" src=\"http:\/\/www.albo.biz\/content\/slpr\/kuvarsko-odelo-haccp-standard-od-1236.jpg\" \/><\/p>\n<p><span style=\"text-decoration: underline; color: #ff0000;\">\u00a0<\/span><\/p>\n<p>Medicinsko odelo :<\/p>\n<p><img decoding=\"async\" alt=\"Doktor\" src=\"http:\/\/www.albo.biz\/content\/slpr\/sanitarno-odelo-haccp-od-6006.jpg\" \/><\/p>\n<p>Radni mantil \u00a0beli :<\/p>\n<p><a href=\"http:\/\/lea-ns.com\/wp-content\/uploads\/2013\/12\/sanitarni-mantil-haccp.jpg\"><img decoding=\"async\" loading=\"lazy\" class=\"alignleft size-full wp-image-8549\" alt=\"sanitarni-mantil-haccp\" src=\"http:\/\/lea-ns.com\/wp-content\/uploads\/2013\/12\/sanitarni-mantil-haccp.jpg\" width=\"500\" height=\"500\" srcset=\"http:\/\/lea-ns.com\/wp-content\/uploads\/2013\/12\/sanitarni-mantil-haccp.jpg 500w, http:\/\/lea-ns.com\/wp-content\/uploads\/2013\/12\/sanitarni-mantil-haccp-150x150.jpg 150w, http:\/\/lea-ns.com\/wp-content\/uploads\/2013\/12\/sanitarni-mantil-haccp-300x300.jpg 300w\" sizes=\"(max-width: 500px) 100vw, 500px\" \/><\/a><\/p>\n<p>&nbsp;<\/p>\n<p>&nbsp;<\/p>\n<p>&nbsp;<\/p>\n<p>&nbsp;<\/p>\n<p>&nbsp;<\/p>\n<p>&nbsp;<\/p>\n<p>&nbsp;<\/p>\n<p>&nbsp;<\/p>\n<p>&nbsp;<\/p>\n<p>&nbsp;<\/p>\n<p>&nbsp;<\/p>\n<p>&nbsp;<\/p>\n<p>&nbsp;<\/p>\n<p>&nbsp;<\/p>\n<p>&nbsp;<\/p>\n<p>&nbsp;<\/p>\n<p>Radne kecelje Venus : \u00a0dostupne u 2 boje .<\/p>\n<p>&nbsp;<\/p>\n<p><a href=\"http:\/\/lea-ns.com\/wp-content\/uploads\/2013\/12\/kecelja-kuvarska.jpg\"><img decoding=\"async\" loading=\"lazy\" class=\"alignleft size-full wp-image-8548\" alt=\"kecelja-kuvarska\" src=\"http:\/\/lea-ns.com\/wp-content\/uploads\/2013\/12\/kecelja-kuvarska.jpg\" width=\"500\" height=\"500\" srcset=\"http:\/\/lea-ns.com\/wp-content\/uploads\/2013\/12\/kecelja-kuvarska.jpg 500w, http:\/\/lea-ns.com\/wp-content\/uploads\/2013\/12\/kecelja-kuvarska-150x150.jpg 150w, http:\/\/lea-ns.com\/wp-content\/uploads\/2013\/12\/kecelja-kuvarska-300x300.jpg 300w\" sizes=\"(max-width: 500px) 100vw, 500px\" \/><\/a><\/p>\n<p>&nbsp;<\/p>\n<p>&nbsp;<\/p>\n<p>&nbsp;<\/p>\n<p>&nbsp;<\/p>\n<p>&nbsp;<\/p>\n<p>&nbsp;<\/p>\n<p>&nbsp;<\/p>\n<p>&nbsp;<\/p>\n<p>&nbsp;<\/p>\n<p>&nbsp;<\/p>\n<p>&nbsp;<\/p>\n<p>&nbsp;<\/p>\n<p>&nbsp;<\/p>\n<p>&nbsp;<\/p>\n<p>&nbsp;<\/p>\n<p>Radne kosulje : \u00a0dugi ili kratki rukav.<\/p>\n<p><img decoding=\"async\" alt=\"Ko\u0161ulja dugi rukavi\" src=\"http:\/\/www.albo.biz\/content\/slpr\/kosulja-dugi-rukavi-radna-kosulja-od-024-x.jpg\" \/><\/p>\n<p><span style=\"color: #ff0000;\"><em><strong>\u00a0\u00a0<\/strong><\/em><\/span><\/p>\n<p>BORONIA<\/p>\n<p>Termoizolovana karirana flanelska ko\u0161ulja proizvedena od 100% pamuka, 125 g\/m<sup>2<\/sup>, sa postavom od 100% pamuka, kop\u010da se zipom, ima prakti\u010dne d\u017eepove.\u00a0Koristi se za svakodnevni rad u hladnijim uslovima kao i u slobodno vreme.<\/p>\n<p>&nbsp;<\/p>\n<p><a href=\"http:\/\/lea-ns.com\/wp-content\/uploads\/2013\/12\/radna-kosulja.jpg\"><img decoding=\"async\" loading=\"lazy\" class=\"alignleft size-full wp-image-8555\" alt=\"radna-kosulja\" src=\"http:\/\/lea-ns.com\/wp-content\/uploads\/2013\/12\/radna-kosulja.jpg\" width=\"500\" height=\"500\" srcset=\"http:\/\/lea-ns.com\/wp-content\/uploads\/2013\/12\/radna-kosulja.jpg 500w, http:\/\/lea-ns.com\/wp-content\/uploads\/2013\/12\/radna-kosulja-150x150.jpg 150w, http:\/\/lea-ns.com\/wp-content\/uploads\/2013\/12\/radna-kosulja-300x300.jpg 300w\" sizes=\"(max-width: 500px) 100vw, 500px\" \/><\/a><\/p>\n<p>&nbsp;<\/p>\n<p>&nbsp;<\/p>\n<p>&nbsp;<\/p>\n<p>&nbsp;<\/p>\n<p>&nbsp;<\/p>\n<p>&nbsp;<\/p>\n<p>&nbsp;<\/p>\n<p>&nbsp;<\/p>\n<p>&nbsp;<\/p>\n<p>&nbsp;<\/p>\n<p>&nbsp;<\/p>\n<p>&nbsp;<\/p>\n<p>&nbsp;<\/p>\n<p>&nbsp;<\/p>\n<p>SATURN KOSULJA :<\/p>\n<p>Flanelska karirana ko\u0161ulja proizvedena od 100% pamuka, 125 g\/m<sup>2<\/sup>, kop\u010danje dugmadima.<\/p>\n<p><a href=\"http:\/\/lea-ns.com\/wp-content\/uploads\/2013\/12\/karirana-kosulja-radna-zastitna-odeca-shirt-safety-work-clothes-od-1281.jpg\"><img decoding=\"async\" loading=\"lazy\" class=\"alignleft size-full wp-image-8551\" alt=\"karirana-kosulja-radna-zastitna-odeca-shirt-safety-work-clothes-od-1281\" src=\"http:\/\/lea-ns.com\/wp-content\/uploads\/2013\/12\/karirana-kosulja-radna-zastitna-odeca-shirt-safety-work-clothes-od-1281.jpg\" width=\"500\" height=\"500\" srcset=\"http:\/\/lea-ns.com\/wp-content\/uploads\/2013\/12\/karirana-kosulja-radna-zastitna-odeca-shirt-safety-work-clothes-od-1281.jpg 500w, http:\/\/lea-ns.com\/wp-content\/uploads\/2013\/12\/karirana-kosulja-radna-zastitna-odeca-shirt-safety-work-clothes-od-1281-150x150.jpg 150w, http:\/\/lea-ns.com\/wp-content\/uploads\/2013\/12\/karirana-kosulja-radna-zastitna-odeca-shirt-safety-work-clothes-od-1281-300x300.jpg 300w\" sizes=\"(max-width: 500px) 100vw, 500px\" \/><\/a><\/p>\n<p>&nbsp;<\/p>\n<p>&nbsp;<\/p>\n<p>&nbsp;<\/p>\n","protected":false},"excerpt":{"rendered":"<p>&nbsp; Pilot Odelo : \u00a0( Akcija od 09 jula 2015 ) dvodelno odelo proizvedeno od 65% PE i 35% pamuka, 220-240 g\/m2, bluza sa crvenim paspulima i pantalone sa tregerima. Mo\u017ee se koristiti na mno\u0161tvu radnih mesta u gra\u0111evinskoj industriji, &hellip; <a href=\"http:\/\/lea-ns.com\/?page_id=706\">\u041d\u0430\u0441\u0442\u0430\u0432\u0438\u0442\u0435 \u0441\u0430 \u0447\u0438\u0442\u0430\u045a\u0435\u043c <span class=\"meta-nav\">&rarr;<\/span><\/a><\/p>\n","protected":false},"author":1,"featured_media":0,"parent":0,"menu_order":0,"comment_status":"closed","ping_status":"closed","template":"","meta":[],"_links":{"self":[{"href":"http:\/\/lea-ns.com\/index.php?rest_route=\/wp\/v2\/pages\/706"}],"collection":[{"href":"http:\/\/lea-ns.com\/index.php?rest_route=\/wp\/v2\/pages"}],"about":[{"href":"http:\/\/lea-ns.com\/index.php?rest_route=\/wp\/v2\/types\/page"}],"author":[{"embeddable":true,"href":"http:\/\/lea-ns.com\/index.php?rest_route=\/wp\/v2\/users\/1"}],"replies":[{"embeddable":true,"href":"http:\/\/lea-ns.com\/index.php?rest_route=%2Fwp%2Fv2%2Fcomments&post=706"}],"version-history":[{"count":315,"href":"http:\/\/lea-ns.com\/index.php?rest_route=\/wp\/v2\/pages\/706\/revisions"}],"predecessor-version":[{"id":9184,"href":"http:\/\/lea-ns.com\/index.php?rest_route=\/wp\/v2\/pages\/706\/revisions\/9184"}],"wp:attachment":[{"href":"http:\/\/lea-ns.com\/index.php?rest_route=%2Fwp%2Fv2%2Fmedia&parent=706"}],"curies":[{"name":"wp","href":"https:\/\/api.w.org\/{rel}","templated":true}]}}