{"id":6,"date":"2025-03-24T07:15:16","date_gmt":"2025-03-24T06:15:16","guid":{"rendered":"http:\/\/lea-ns.com\/?page_id=6"},"modified":"2025-03-24T22:03:04","modified_gmt":"2025-03-24T21:03:04","slug":"zastitna-obuca-lea-ns-doo-htz-oprema","status":"publish","type":"page","link":"http:\/\/lea-ns.com\/?page_id=6","title":{"rendered":"Radna obu\u0107a"},"content":{"rendered":"<p>&nbsp;<\/p>\n<p><em><strong>Cipela Plitka : Grison BK<\/strong><\/em><\/p>\n<p><img decoding=\"async\" class=\"alignnone\" alt=\"Radne cipele Grison plitke\" src=\"http:\/\/www.albo.biz\/content\/slpr\/radne-cipele-obuca-black-knight-ob-bk001.jpg\" \/><\/p>\n<p><em><strong>Cipela duboka: Grison BK<\/strong><\/em><\/p>\n<p><em><img decoding=\"async\" alt=\"Radne cipele Grison duboke\" src=\"http:\/\/www.albo.biz\/content\/slpr\/radne-cipele-obuca-black-knight-ob-bk002.jpg\" \/><\/em><\/p>\n<p><em><strong>Cipela plitka sa \u010deli\u010dnom kapnom : Raven S1<\/strong><\/em><\/p>\n<p><img decoding=\"async\" alt=\"Za\u0161titne cipele Raven S1 plitke\" src=\"http:\/\/www.albo.biz\/content\/slpr\/radne-cipele-obuca-htz-oprema-ob-bk030.jpg\" \/><\/p>\n<p><em><strong>Cipela duboka sa \u010deli\u010dnom kapnom : Raven S1<\/strong><\/em><\/p>\n<p><img decoding=\"async\" alt=\"Za\u0161titne cipele Raven S1 duboke\" src=\"http:\/\/www.albo.biz\/content\/slpr\/zastitne-cipele-obuca-htz-oprema-ob-bk040.jpg\" \/><\/p>\n<p><em><strong>Cipela duboka Farmer ( Kanadjanka ) . BK\u00a0 ( boja Be\u017e )<\/strong><\/em><\/p>\n<address>Vodoodbojne, bru\u0161ena nubok ko\u017ea, gumeni \u0111on otporan na ulja i masti.<\/address>\n<address>Primena: Gra\u0111evinska industrija, automobilska industrija, ma\u0161inska industrija<\/address>\n<p><img decoding=\"async\" alt=\"Radne cipele Farmer duboke be\u017e\" src=\"http:\/\/www.albo.biz\/content\/slpr\/zastitne-cipele-obuca-black-knight-ob-bk2416.jpg\" \/><\/p>\n<p><em><strong>Cipela duboka Farmer ( Kanadjanka ) . BK\u00a0 ( boja\u00a0Crna \u00a0) <\/strong><\/em><\/p>\n<p><img decoding=\"async\" alt=\"Radne cipele Farmer duboke crne\" src=\"http:\/\/www.albo.biz\/content\/slpr\/zastitne-cipele-obuca-black-knight-ob-bk2417.jpg\" \/><\/p>\n<p><em><strong>CIPELA PLITKA PANDA BASIC :<\/strong><\/em><\/p>\n<address>Za\u0161titne cipele sa \u010deli\u010dnom kapom (200 J, 15 KN), lice gove\u0111a ko\u017ea, \u0111on uljno-kiselo otporan, antistatik, \u017eaba jezik, \u0161ok apsorber u peti, vulkanizirane &#8211; spajane bez lepka termi\u010dkom metodom, poseduju \u0111on duple gustine koji omogu\u0107ava ravnomernu raspodelu te\u017eine prilikom hodanja i dugog stajanja.(opciono sa \u010deli\u010dnim listom ili bez \u010deli\u010dnih umetaka)<\/address>\n<address>EN ISO 20345<\/address>\n<address>Koriste se za rad u ma\u0161inskoj industriji, elektroprivredi, gra\u0111evinarstvu, rudarstvu, poljoprivredi, automobilskoj industriji, magacinskim slu\u017ebama&#8230;<\/address>\n<p><img decoding=\"async\" alt=\"Radne cipele  Basic 6211 O1\" src=\"http:\/\/www.albo.biz\/content\/slpr\/zastitna-obuca-panda-basic-plitke-ob-p1209.jpg\" \/><\/p>\n<p><em><strong>CIPELA DUBOKA PANDA BASIC :<\/strong><\/em><\/p>\n<p><img decoding=\"async\" alt=\"Radne cipele  Basic 6911 O1\" src=\"http:\/\/www.albo.biz\/content\/slpr\/zastitna-obuca-panda-basic-duboke-ob-p1909.jpg\" \/><\/p>\n<p>&nbsp;<\/p>\n<p><em><strong>Extreme 49002 S3 &#8211; plitke cipele sa kompozitnom kapom i Kevlar ulo\u0161kom, PU\/TPU djon, paropropusna postava, vel. 38-48<\/strong><\/em><\/p>\n<p>&nbsp;<\/p>\n<p><a href=\"http:\/\/lea-ns.com\/wp-content\/uploads\/2011\/10\/extreme-panda-zastitne-cipele-ob-p42002.jpg\"><img decoding=\"async\" loading=\"lazy\" class=\"alignleft size-medium wp-image-456\" title=\"extreme-panda-zastitne-cipele-ob-p42002\" alt=\"\" src=\"http:\/\/lea-ns.com\/wp-content\/uploads\/2011\/10\/extreme-panda-zastitne-cipele-ob-p42002-300x300.jpg\" width=\"300\" height=\"300\" srcset=\"http:\/\/lea-ns.com\/wp-content\/uploads\/2011\/10\/extreme-panda-zastitne-cipele-ob-p42002-300x300.jpg 300w, http:\/\/lea-ns.com\/wp-content\/uploads\/2011\/10\/extreme-panda-zastitne-cipele-ob-p42002-150x150.jpg 150w, http:\/\/lea-ns.com\/wp-content\/uploads\/2011\/10\/extreme-panda-zastitne-cipele-ob-p42002.jpg 500w\" sizes=\"(max-width: 300px) 100vw, 300px\" \/><\/a><\/p>\n<p>&nbsp;<\/p>\n<p>&nbsp;<\/p>\n<p>&nbsp;<\/p>\n<p>&nbsp;<\/p>\n<p>&nbsp;<\/p>\n<p>&nbsp;<\/p>\n<p>&nbsp;<\/p>\n<p>&nbsp;<\/p>\n<p><em><strong>Extreme 49002 S3 &#8211; duboke cipele sa kompozitnom kapom i Kevlar ulo\u0161kom, PU\/TPU djon, paropropusna postava, vel. 38-48<\/strong><\/em><\/p>\n<p><a href=\"http:\/\/lea-ns.com\/wp-content\/uploads\/2011\/10\/extreme-panda-zastitne-cipele-ob-p49002.jpg\"><img decoding=\"async\" loading=\"lazy\" class=\"alignleft size-medium wp-image-459\" title=\"extreme-panda-zastitne-cipele-ob-p49002\" alt=\"\" src=\"http:\/\/lea-ns.com\/wp-content\/uploads\/2011\/10\/extreme-panda-zastitne-cipele-ob-p49002-300x300.jpg\" width=\"300\" height=\"300\" srcset=\"http:\/\/lea-ns.com\/wp-content\/uploads\/2011\/10\/extreme-panda-zastitne-cipele-ob-p49002-300x300.jpg 300w, http:\/\/lea-ns.com\/wp-content\/uploads\/2011\/10\/extreme-panda-zastitne-cipele-ob-p49002-150x150.jpg 150w, http:\/\/lea-ns.com\/wp-content\/uploads\/2011\/10\/extreme-panda-zastitne-cipele-ob-p49002.jpg 500w\" sizes=\"(max-width: 300px) 100vw, 300px\" \/><\/a><\/p>\n<p>&nbsp;<\/p>\n<p>&nbsp;<\/p>\n<p>&nbsp;<\/p>\n<p>&nbsp;<\/p>\n<p>&nbsp;<\/p>\n<p>&nbsp;<\/p>\n<p>&nbsp;<\/p>\n<p>&nbsp;<\/p>\n<p>&nbsp;<\/p>\n<h4><em><strong>ZA\u0160TITNA SANDALA BASIC 61119 S1<\/strong><\/em><\/h4>\n<p>Za\u0161titne sandale sa \u010deli\u010dnom kapom (200 J, 15 KN), lice gove\u0111a ko\u017ea, \u0111on uljno-kiselo otporan, antistatik, \u017eaba jezik, \u0161ok apsorber u peti, vulkanizirane &#8211; spajane bez lepka termi\u010dkom metodom, poseduju \u0111on duple gustine koji omogu\u0107ava ravnomernu raspodelu te\u017eine prilikom hodanja i dugog stajanja.<\/p>\n<p>EN ISO 20345<\/p>\n<p><a href=\"http:\/\/lea-ns.com\/wp-content\/uploads\/2012\/03\/zastitna-obuca-panda-basic-sandale-ob-p61119.jpg\"><img decoding=\"async\" loading=\"lazy\" class=\"alignleft size-full wp-image-908\" title=\"zastitna-obuca-panda-basic-sandale-ob-p61119\" alt=\"\" src=\"http:\/\/lea-ns.com\/wp-content\/uploads\/2012\/03\/zastitna-obuca-panda-basic-sandale-ob-p61119.jpg\" width=\"500\" height=\"500\" srcset=\"http:\/\/lea-ns.com\/wp-content\/uploads\/2012\/03\/zastitna-obuca-panda-basic-sandale-ob-p61119.jpg 500w, http:\/\/lea-ns.com\/wp-content\/uploads\/2012\/03\/zastitna-obuca-panda-basic-sandale-ob-p61119-150x150.jpg 150w, http:\/\/lea-ns.com\/wp-content\/uploads\/2012\/03\/zastitna-obuca-panda-basic-sandale-ob-p61119-300x300.jpg 300w\" sizes=\"(max-width: 500px) 100vw, 500px\" \/><\/a><\/p>\n<p>&nbsp;<\/p>\n<p>&nbsp;<\/p>\n<p>&nbsp;<\/p>\n<p>&nbsp;<\/p>\n<p>&nbsp;<\/p>\n<p>&nbsp;<\/p>\n<p>&nbsp;<\/p>\n<p>&nbsp;<\/p>\n<p>&nbsp;<\/p>\n<p>&nbsp;<\/p>\n<p>&nbsp;<\/p>\n<p>&nbsp;<\/p>\n<h4><em><strong>RADNE CIPELE-PATIKE RODEZ<\/strong><\/em><\/h4>\n<address>Profesionalne radne cipele, kombinacija ko\u017ee i tekstila, \u0111on otporan na ulja.<\/address>\n<address>Primena: Gra\u0111evinska industrija, automobilska industrija, ma\u0161inska industrija<\/address>\n<address><a href=\"http:\/\/lea-ns.com\/wp-content\/uploads\/2012\/03\/radne-cipele-obuca-black-knight-ob-bk205-rodez.jpg\"><img decoding=\"async\" loading=\"lazy\" class=\"alignleft size-full wp-image-911\" title=\"radne-cipele-obuca-black-knight-ob-bk205 rodez\" alt=\"\" src=\"http:\/\/lea-ns.com\/wp-content\/uploads\/2012\/03\/radne-cipele-obuca-black-knight-ob-bk205-rodez.jpg\" width=\"500\" height=\"500\" srcset=\"http:\/\/lea-ns.com\/wp-content\/uploads\/2012\/03\/radne-cipele-obuca-black-knight-ob-bk205-rodez.jpg 500w, http:\/\/lea-ns.com\/wp-content\/uploads\/2012\/03\/radne-cipele-obuca-black-knight-ob-bk205-rodez-150x150.jpg 150w, http:\/\/lea-ns.com\/wp-content\/uploads\/2012\/03\/radne-cipele-obuca-black-knight-ob-bk205-rodez-300x300.jpg 300w\" sizes=\"(max-width: 500px) 100vw, 500px\" \/><\/a><\/address>\n<address style=\"color: #000000;\">\u00a0<\/address>\n<address>\u00a0<\/address>\n<div><\/div>\n<address>\u00a0<\/address>\n<address style=\"color: #000000;\">\u00a0<\/address>\n<address>\u00a0<\/address>\n<address>\u00a0<\/address>\n<address>\u00a0<\/address>\n<address>\u00a0<\/address>\n<address>\u00a0<\/address>\n<address>\u00a0<\/address>\n<address>\u00a0<\/address>\n<h4><em><strong>KLOMPE<\/strong><\/em><\/h4>\n<p>Mu\u0161ke i \u017eenske na PU ili drvenom djonu bez i sa preklopom.<\/p>\n<p><a href=\"http:\/\/lea-ns.com\/wp-content\/uploads\/2012\/03\/radne-klompe-htz-oprema-pu-ob-009.jpg\"><img decoding=\"async\" loading=\"lazy\" class=\"alignleft size-full wp-image-916\" title=\"radne-klompe-htz-oprema-pu-ob-009\" alt=\"\" src=\"http:\/\/lea-ns.com\/wp-content\/uploads\/2012\/03\/radne-klompe-htz-oprema-pu-ob-009.jpg\" width=\"500\" height=\"500\" srcset=\"http:\/\/lea-ns.com\/wp-content\/uploads\/2012\/03\/radne-klompe-htz-oprema-pu-ob-009.jpg 500w, http:\/\/lea-ns.com\/wp-content\/uploads\/2012\/03\/radne-klompe-htz-oprema-pu-ob-009-150x150.jpg 150w, http:\/\/lea-ns.com\/wp-content\/uploads\/2012\/03\/radne-klompe-htz-oprema-pu-ob-009-300x300.jpg 300w\" sizes=\"(max-width: 500px) 100vw, 500px\" \/><\/a><\/p>\n<address>\u00a0<\/address>\n<address>\u00a0<\/address>\n<address>\u00a0<\/address>\n<address>\u00a0<\/address>\n<address>\u00a0<\/address>\n<address>\u00a0<\/address>\n<address>\u00a0<\/address>\n<address>\u00a0<\/address>\n<address>\u00a0<\/address>\n<address>\u00a0<\/address>\n<address>\u00a0<\/address>\n<address>\u00a0<\/address>\n<h4><em><strong>RADNE PVC \u010cIZME<\/strong><\/em><\/h4>\n<address>Radne PVC \u010dizme, postava od poliestera, \u0161ok absorber u peti, antistatik, protivklizni \u0111on otporan na ulja i ugljovodonike. EN ISO 20347 SRC<\/address>\n<address><a href=\"http:\/\/lea-ns.com\/wp-content\/uploads\/2012\/03\/radne-cizme-zastitne-cizme-hercules-crne-sdp-0010.jpg\"><img decoding=\"async\" loading=\"lazy\" class=\"alignleft size-full wp-image-914\" title=\"radne-cizme-zastitne-cizme-hercules-crne-sdp-0010\" alt=\"\" src=\"http:\/\/lea-ns.com\/wp-content\/uploads\/2012\/03\/radne-cizme-zastitne-cizme-hercules-crne-sdp-0010.jpg\" width=\"500\" height=\"500\" srcset=\"http:\/\/lea-ns.com\/wp-content\/uploads\/2012\/03\/radne-cizme-zastitne-cizme-hercules-crne-sdp-0010.jpg 500w, http:\/\/lea-ns.com\/wp-content\/uploads\/2012\/03\/radne-cizme-zastitne-cizme-hercules-crne-sdp-0010-150x150.jpg 150w, http:\/\/lea-ns.com\/wp-content\/uploads\/2012\/03\/radne-cizme-zastitne-cizme-hercules-crne-sdp-0010-300x300.jpg 300w\" sizes=\"(max-width: 500px) 100vw, 500px\" \/><\/a><\/address>\n<address>\u00a0<\/address>\n<address>\u00a0<\/address>\n<address>\u00a0<\/address>\n<address>\u00a0<\/address>\n<address>\u00a0<\/address>\n<address>\u00a0<\/address>\n<address>\u00a0<\/address>\n<address>\u00a0<\/address>\n<address>\u00a0<\/address>\n<address>\u00a0<\/address>\n<address>\u00a0<\/address>\n<address>\u00a0<\/address>\n<address><em><strong><span style=\"color: #000000;\">Radna patika Sprint s1<\/span><\/strong><\/em><\/address>\n<address>\u00a0<\/address>\n<address><a href=\"http:\/\/lea-ns.com\/wp-content\/uploads\/2013\/05\/zastitna-cipela-panda-ob-p96670.jpg\"><img decoding=\"async\" loading=\"lazy\" class=\"alignleft size-full wp-image-5966\" alt=\"zastitna-cipela-panda-ob-p96670\" src=\"http:\/\/lea-ns.com\/wp-content\/uploads\/2013\/05\/zastitna-cipela-panda-ob-p96670.jpg\" width=\"500\" height=\"500\" srcset=\"http:\/\/lea-ns.com\/wp-content\/uploads\/2013\/05\/zastitna-cipela-panda-ob-p96670.jpg 500w, http:\/\/lea-ns.com\/wp-content\/uploads\/2013\/05\/zastitna-cipela-panda-ob-p96670-150x150.jpg 150w, http:\/\/lea-ns.com\/wp-content\/uploads\/2013\/05\/zastitna-cipela-panda-ob-p96670-300x300.jpg 300w\" sizes=\"(max-width: 500px) 100vw, 500px\" \/><\/a><\/address>\n","protected":false},"excerpt":{"rendered":"<p>&nbsp; Cipela Plitka : Grison BK Cipela duboka: Grison BK Cipela plitka sa \u010deli\u010dnom kapnom : Raven S1 Cipela duboka sa \u010deli\u010dnom kapnom : Raven S1 Cipela duboka Farmer ( Kanadjanka ) . BK\u00a0 ( boja Be\u017e ) Vodoodbojne, bru\u0161ena &hellip; <a href=\"http:\/\/lea-ns.com\/?page_id=6\">\u041d\u0430\u0441\u0442\u0430\u0432\u0438\u0442\u0435 \u0441\u0430 \u0447\u0438\u0442\u0430\u045a\u0435\u043c <span class=\"meta-nav\">&rarr;<\/span><\/a><\/p>\n","protected":false},"author":1,"featured_media":0,"parent":0,"menu_order":0,"comment_status":"closed","ping_status":"closed","template":"","meta":[],"_links":{"self":[{"href":"http:\/\/lea-ns.com\/index.php?rest_route=\/wp\/v2\/pages\/6"}],"collection":[{"href":"http:\/\/lea-ns.com\/index.php?rest_route=\/wp\/v2\/pages"}],"about":[{"href":"http:\/\/lea-ns.com\/index.php?rest_route=\/wp\/v2\/types\/page"}],"author":[{"embeddable":true,"href":"http:\/\/lea-ns.com\/index.php?rest_route=\/wp\/v2\/users\/1"}],"replies":[{"embeddable":true,"href":"http:\/\/lea-ns.com\/index.php?rest_route=%2Fwp%2Fv2%2Fcomments&post=6"}],"version-history":[{"count":294,"href":"http:\/\/lea-ns.com\/index.php?rest_route=\/wp\/v2\/pages\/6\/revisions"}],"predecessor-version":[{"id":9147,"href":"http:\/\/lea-ns.com\/index.php?rest_route=\/wp\/v2\/pages\/6\/revisions\/9147"}],"wp:attachment":[{"href":"http:\/\/lea-ns.com\/index.php?rest_route=%2Fwp%2Fv2%2Fmedia&parent=6"}],"curies":[{"name":"wp","href":"https:\/\/api.w.org\/{rel}","templated":true}]}}