{"id":21,"date":"2025-03-24T07:00:53","date_gmt":"2025-03-24T06:00:53","guid":{"rendered":"http:\/\/lea-ns.com\/?page_id=21"},"modified":"2025-03-24T22:02:45","modified_gmt":"2025-03-24T21:02:45","slug":"zastitna-oprema-opasaci-i-uzad-karabini","status":"publish","type":"page","link":"http:\/\/lea-ns.com\/?page_id=21","title":{"rendered":"Opasaci za rad na visini ili monterski opasaci"},"content":{"rendered":"<p><em><strong>Za\u0161titni opasa\u010d za visinske radove : P-02 \u00a0 \u00a0 \u00a0\u00a0<\/strong><\/em><\/p>\n<p><strong><em>Opasa\u010d za visinske radove sa monterskim pojasom i uprta\u010dima, ka\u010denje na le\u0111ima i sa strane\u00a0&#8211; ekonomik.<\/em><\/strong><\/p>\n<p><strong><em>EN 361, EN 358.<\/em><\/strong><\/p>\n<p>&nbsp;<\/p>\n<p>&nbsp;<\/p>\n<p><a href=\"http:\/\/lea-ns.com\/wp-content\/uploads\/2013\/12\/opasac-za-rad-na-visini-zpp-p02.jpg\"><img decoding=\"async\" loading=\"lazy\" class=\"alignleft size-full wp-image-8594\" alt=\"opasac-za-rad-na-visini-zpp-p02\" src=\"http:\/\/lea-ns.com\/wp-content\/uploads\/2013\/12\/opasac-za-rad-na-visini-zpp-p02.jpg\" width=\"287\" height=\"500\" srcset=\"http:\/\/lea-ns.com\/wp-content\/uploads\/2013\/12\/opasac-za-rad-na-visini-zpp-p02.jpg 287w, http:\/\/lea-ns.com\/wp-content\/uploads\/2013\/12\/opasac-za-rad-na-visini-zpp-p02-172x300.jpg 172w\" sizes=\"(max-width: 287px) 100vw, 287px\" \/><\/a><\/p>\n<p>&nbsp;<\/p>\n<p>&nbsp;<\/p>\n<p><em><strong>\u00a0 \u00a0 \u00a0 \u00a0 \u00a0 \u00a0 \u00a0 \u00a0 \u00a0 \u00a0 \u00a0\u00a0<\/strong><\/em><\/p>\n<p>&nbsp;<\/p>\n<p>&nbsp;<\/p>\n<p>&nbsp;<\/p>\n<p>&nbsp;<\/p>\n<p>&nbsp;<\/p>\n<p>&nbsp;<\/p>\n<p>&nbsp;<\/p>\n<p>&nbsp;<\/p>\n<p>&nbsp;<\/p>\n<p>&nbsp;<\/p>\n<p>&nbsp;<\/p>\n<p>&nbsp;<\/p>\n<p>&nbsp;<\/p>\n<p>&nbsp;<\/p>\n<p>&nbsp;<\/p>\n<p><strong><em>P-52 PRO \u00a0<\/em><\/strong><\/p>\n<p><strong><em>Opasa\u010d za radove na visini, ka\u010denje u 3 ta\u010dke: na grudima, na le\u0111ima i na bokovima, podr\u0161ka za le\u0111a, dodata podr\u0161ka za rameni i butni deo radi pove\u0107ane udobnosti i komfora pri radu. Poseduje automatske kop\u010de radi lak\u0161eg montiranja.<\/em><\/strong><\/p>\n<p><strong><em>EN 361, EN 358<\/em><\/strong><\/p>\n<p>&nbsp;<\/p>\n<p>&nbsp;<\/p>\n<p><strong><em>\u00a0 \u00a0 \u00a0 \u00a0 \u00a0 \u00a0 \u00a0 \u00a0 \u00a0 \u00a0 \u00a0 \u00a0 \u00a0 \u00a0 \u00a0 \u00a0 \u00a0 \u00a0 \u00a0 \u00a0 \u00a0 \u00a0 \u00a0 \u00a0 \u00a0 \u00a0 \u00a0 \u00a0 \u00a0 \u00a0 \u00a0 \u00a0 \u00a0 <\/em><\/strong><\/p>\n<p><strong><em><a href=\"http:\/\/lea-ns.com\/wp-content\/uploads\/2013\/12\/protivpadna-oprema-zastita-od-pada-protekt-opasac-zpp-p52.jpg\"><img decoding=\"async\" loading=\"lazy\" class=\"alignleft size-full wp-image-8595\" alt=\"protivpadna-oprema-zastita-od-pada-protekt-opasac-zpp-p52\" src=\"http:\/\/lea-ns.com\/wp-content\/uploads\/2013\/12\/protivpadna-oprema-zastita-od-pada-protekt-opasac-zpp-p52.jpg\" width=\"500\" height=\"500\" srcset=\"http:\/\/lea-ns.com\/wp-content\/uploads\/2013\/12\/protivpadna-oprema-zastita-od-pada-protekt-opasac-zpp-p52.jpg 500w, http:\/\/lea-ns.com\/wp-content\/uploads\/2013\/12\/protivpadna-oprema-zastita-od-pada-protekt-opasac-zpp-p52-150x150.jpg 150w, http:\/\/lea-ns.com\/wp-content\/uploads\/2013\/12\/protivpadna-oprema-zastita-od-pada-protekt-opasac-zpp-p52-300x300.jpg 300w\" sizes=\"(max-width: 500px) 100vw, 500px\" \/><\/a><\/em><\/strong><\/p>\n<p>&nbsp;<\/p>\n<p>&nbsp;<\/p>\n<p>&nbsp;<\/p>\n<p>&nbsp;<\/p>\n<p>&nbsp;<\/p>\n<p>&nbsp;<\/p>\n<p>&nbsp;<\/p>\n<p>&nbsp;<\/p>\n<p>&nbsp;<\/p>\n<p>&nbsp;<\/p>\n<p>&nbsp;<\/p>\n<p>&nbsp;<\/p>\n<p>&nbsp;<\/p>\n<p>&nbsp;<\/p>\n<p>&nbsp;<\/p>\n<p>&nbsp;<\/p>\n<p>&nbsp;<\/p>\n<p>&nbsp;<\/p>\n<p>&nbsp;<\/p>\n<p><strong><em>\u00a0 \u00a0 \u00a0P-20<\/em><\/strong><\/p>\n<p><em><strong>Opasa\u010d za visinske radove, sa monterskim pojasom i uprta\u010dima oko grudi i nogu radi ve\u0107e udobnosti, ka\u010denje na le\u0111ima i sa strane.<\/strong><\/em><\/p>\n<p><em><strong>EN 361, EN 358 \u00a0Koristi se u gra\u0111evini, za rad na visinama, za rad na banderama, itd.<\/strong><\/em><\/p>\n<p>&nbsp;<\/p>\n<p>&nbsp;<\/p>\n<p><a href=\"http:\/\/lea-ns.com\/wp-content\/uploads\/2013\/12\/monterski-opasac-zpp-p20.jpg\"><img decoding=\"async\" loading=\"lazy\" class=\"alignleft size-full wp-image-8596\" alt=\"monterski-opasac-zpp-p20\" src=\"http:\/\/lea-ns.com\/wp-content\/uploads\/2013\/12\/monterski-opasac-zpp-p20.jpg\" width=\"224\" height=\"500\" srcset=\"http:\/\/lea-ns.com\/wp-content\/uploads\/2013\/12\/monterski-opasac-zpp-p20.jpg 224w, http:\/\/lea-ns.com\/wp-content\/uploads\/2013\/12\/monterski-opasac-zpp-p20-134x300.jpg 134w\" sizes=\"(max-width: 224px) 100vw, 224px\" \/><\/a><\/p>\n<p>&nbsp;<\/p>\n<p><strong><em>\u00a0 \u00a0\u00a0<\/em><\/strong><\/p>\n<p>&nbsp;<\/p>\n<p>&nbsp;<\/p>\n<p>&nbsp;<\/p>\n<p>&nbsp;<\/p>\n<p>&nbsp;<\/p>\n<p>&nbsp;<\/p>\n<p>&nbsp;<\/p>\n<p>&nbsp;<\/p>\n<p>&nbsp;<\/p>\n<p>&nbsp;<\/p>\n<p>&nbsp;<\/p>\n<p>&nbsp;<\/p>\n<p>&nbsp;<\/p>\n<p>&nbsp;<\/p>\n<p>&nbsp;<\/p>\n<p>&nbsp;<\/p>\n<p>&nbsp;<\/p>\n<p><em><strong>P-70<\/strong><\/em><\/p>\n<p><em><strong>Opasa\u010d za visinske radove sa oja\u010danim uprta\u010dima oko nogu\u00a0&#8211; za sedenje, predvi\u0111en za radove gde je potreban ve\u0107i oslonac na nogama, ka\u010denje u 3 ta\u010dke: na le\u0111ima, na stomaku i sa strane.<\/strong><\/em><\/p>\n<p><em><strong>EN 361, EN 358, EN 813<\/strong><\/em><\/p>\n<p>&nbsp;<\/p>\n<p>&nbsp;<\/p>\n<p>&nbsp;<\/p>\n<p><a href=\"http:\/\/lea-ns.com\/wp-content\/uploads\/2013\/12\/opasac-za-rad-na-visini-zpp-p70.jpg\"><img decoding=\"async\" loading=\"lazy\" class=\"alignleft size-full wp-image-8597\" alt=\"opasac-za-rad-na-visini-zpp-p70\" src=\"http:\/\/lea-ns.com\/wp-content\/uploads\/2013\/12\/opasac-za-rad-na-visini-zpp-p70.jpg\" width=\"300\" height=\"500\" srcset=\"http:\/\/lea-ns.com\/wp-content\/uploads\/2013\/12\/opasac-za-rad-na-visini-zpp-p70.jpg 300w, http:\/\/lea-ns.com\/wp-content\/uploads\/2013\/12\/opasac-za-rad-na-visini-zpp-p70-180x300.jpg 180w\" sizes=\"(max-width: 300px) 100vw, 300px\" \/><\/a><\/p>\n","protected":false},"excerpt":{"rendered":"<p>Za\u0161titni opasa\u010d za visinske radove : P-02 \u00a0 \u00a0 \u00a0\u00a0 Opasa\u010d za visinske radove sa monterskim pojasom i uprta\u010dima, ka\u010denje na le\u0111ima i sa strane\u00a0&#8211; ekonomik. EN 361, EN 358. &nbsp; &nbsp; &nbsp; &nbsp; \u00a0 \u00a0 \u00a0 \u00a0 \u00a0 \u00a0 &hellip; <a href=\"http:\/\/lea-ns.com\/?page_id=21\">\u041d\u0430\u0441\u0442\u0430\u0432\u0438\u0442\u0435 \u0441\u0430 \u0447\u0438\u0442\u0430\u045a\u0435\u043c <span class=\"meta-nav\">&rarr;<\/span><\/a><\/p>\n","protected":false},"author":1,"featured_media":0,"parent":0,"menu_order":0,"comment_status":"closed","ping_status":"closed","template":"","meta":[],"_links":{"self":[{"href":"http:\/\/lea-ns.com\/index.php?rest_route=\/wp\/v2\/pages\/21"}],"collection":[{"href":"http:\/\/lea-ns.com\/index.php?rest_route=\/wp\/v2\/pages"}],"about":[{"href":"http:\/\/lea-ns.com\/index.php?rest_route=\/wp\/v2\/types\/page"}],"author":[{"embeddable":true,"href":"http:\/\/lea-ns.com\/index.php?rest_route=\/wp\/v2\/users\/1"}],"replies":[{"embeddable":true,"href":"http:\/\/lea-ns.com\/index.php?rest_route=%2Fwp%2Fv2%2Fcomments&post=21"}],"version-history":[{"count":286,"href":"http:\/\/lea-ns.com\/index.php?rest_route=\/wp\/v2\/pages\/21\/revisions"}],"predecessor-version":[{"id":9041,"href":"http:\/\/lea-ns.com\/index.php?rest_route=\/wp\/v2\/pages\/21\/revisions\/9041"}],"wp:attachment":[{"href":"http:\/\/lea-ns.com\/index.php?rest_route=%2Fwp%2Fv2%2Fmedia&parent=21"}],"curies":[{"name":"wp","href":"https:\/\/api.w.org\/{rel}","templated":true}]}}