{"id":17,"date":"2025-03-14T05:28:40","date_gmt":"2025-03-14T04:28:40","guid":{"rendered":"http:\/\/lea-ns.com\/?page_id=17"},"modified":"2025-03-24T22:07:58","modified_gmt":"2025-03-24T21:07:58","slug":"lea-n-s-doo-3","status":"publish","type":"page","link":"http:\/\/lea-ns.com\/?page_id=17","title":{"rendered":"Za\u0161titne rukavice htz"},"content":{"rendered":"<p><strong><em><span style=\"text-decoration: underline;color: #ff0000\">Katalog rukavica<\/span><\/em><\/strong> : \u00a0u pdf \u00a0formatu : kliknite na \u00a0slova i sa\u010dekajte da se u\u010dita&#8230;&#8230;<\/p>\n<p>&nbsp;<\/p>\n<p><a href=\"http:\/\/lea-ns.com\/wp-content\/uploads\/2012\/04\/lea-katalog-rukavice.pdf\">lea katalog rukavice<\/a>\u00a0 \u00a0klikni&#8230;..<\/p>\n<p>&nbsp;<\/p>\n<p>&nbsp;<\/p>\n<p>&nbsp;<\/p>\n<p>&nbsp;<\/p>\n<p>&nbsp;<\/p>\n<p>&nbsp;<\/p>\n<p><em><strong>Ko\u017ene rukavice :<\/strong><\/em>\u00a0 <strong>Frankolin A klasa<\/strong><\/p>\n<address>Gove\u0111a ko\u017ea obostrano, pamu\u010dna postava na dlanu.\u00a0EN 388 2121<\/address>\n<address>Rukavica se koristi u gra\u0111evinarstvu, industriji, poljoprivredi, na radnim mestima gde je potrebna za\u0161tita kompletne \u0161ake.<\/address>\n<p>\u00a0<a href=\"http:\/\/lea-ns.com\/wp-content\/uploads\/2012\/03\/radna-zastitna-rukavica-htz-r-k003-frankolin-a.jpg\"><img decoding=\"async\" loading=\"lazy\" class=\"alignleft  wp-image-951\" title=\"radna-zastitna-rukavica-htz-r-k003 frankolin a\" src=\"http:\/\/lea-ns.com\/wp-content\/uploads\/2012\/03\/radna-zastitna-rukavica-htz-r-k003-frankolin-a-e1334580337515.jpg\" alt=\"\" width=\"350\" height=\"350\" srcset=\"http:\/\/lea-ns.com\/wp-content\/uploads\/2012\/03\/radna-zastitna-rukavica-htz-r-k003-frankolin-a-e1334580337515.jpg 500w, http:\/\/lea-ns.com\/wp-content\/uploads\/2012\/03\/radna-zastitna-rukavica-htz-r-k003-frankolin-a-e1334580337515-150x150.jpg 150w, http:\/\/lea-ns.com\/wp-content\/uploads\/2012\/03\/radna-zastitna-rukavica-htz-r-k003-frankolin-a-e1334580337515-300x300.jpg 300w\" sizes=\"(max-width: 350px) 100vw, 350px\" \/><\/a><\/p>\n<p>&nbsp;<\/p>\n<p>&nbsp;<\/p>\n<p>&nbsp;<\/p>\n<p>&nbsp;<\/p>\n<p>&nbsp;<\/p>\n<p>&nbsp;<\/p>\n<p>&nbsp;<\/p>\n<p>&nbsp;<\/p>\n<p>&nbsp;<\/p>\n<p>&nbsp;<\/p>\n<p>&nbsp;<\/p>\n<p>&nbsp;<\/p>\n<p>&nbsp;<\/p>\n<p>&nbsp;<\/p>\n<p>&nbsp;<\/p>\n<p><strong>Rukavice Sandpiper LUX:<\/strong><\/p>\n<address>Rukavice za zavarivanje (tip A), visokog kvaliteta, otpornije na abraziju i povi\u0161enu temperaturu, crvene boje, pamu\u010dna postava, za\u0161ti\u0107eni\/skriveni \u0161avovi,\u00a0<strong>varila\u010dki sertifikat.\u00a0<\/strong>EN 388 2244, EN 407 313x4x<\/address>\n<address>Koriste se za rad u ma\u0161inskoj industriji, gra\u0111evinarstvu, u svimgranama industrije gde se vr\u0161i zavarivanje.<\/address>\n<address>\u00a0<\/address>\n<address>\u00a0<\/address>\n<address><a href=\"http:\/\/lea-ns.com\/wp-content\/uploads\/2011\/10\/radna-zastitna-rukavica-htz-r-k030.jpg\"><img decoding=\"async\" loading=\"lazy\" class=\"alignleft  wp-image-500\" title=\"radna-zastitna-rukavica-htz-r-k030\" src=\"http:\/\/lea-ns.com\/wp-content\/uploads\/2011\/10\/radna-zastitna-rukavica-htz-r-k030-e1334580400811.jpg\" alt=\"\" width=\"350\" height=\"350\" srcset=\"http:\/\/lea-ns.com\/wp-content\/uploads\/2011\/10\/radna-zastitna-rukavica-htz-r-k030-e1334580400811.jpg 500w, http:\/\/lea-ns.com\/wp-content\/uploads\/2011\/10\/radna-zastitna-rukavica-htz-r-k030-e1334580400811-150x150.jpg 150w, http:\/\/lea-ns.com\/wp-content\/uploads\/2011\/10\/radna-zastitna-rukavica-htz-r-k030-e1334580400811-300x300.jpg 300w\" sizes=\"(max-width: 350px) 100vw, 350px\" \/><\/a><\/address>\n<address>\u00a0<\/address>\n<address>\u00a0<\/address>\n<address>\u00a0<\/address>\n<address>\u00a0<\/address>\n<address>\u00a0<\/address>\n<address>\u00a0<\/address>\n<address>\u00a0<\/address>\n<address>\u00a0<\/address>\n<address>\u00a0<\/address>\n<address>\u00a0<\/address>\n<address>\u00a0<\/address>\n<address>\u00a0<\/address>\n<address>\u00a0<\/address>\n<address>\u00a0<\/address>\n<address>\u00a0<\/address>\n<address>\u00a0<\/address>\n<address>\u00a0<\/address>\n<address>\u00a0<\/address>\n<address>\u00a0<\/address>\n<p>&nbsp;<\/p>\n<p><strong><a href=\"http:\/\/www.albo.biz\/sr-rs\/Zastitne-rukavice\/Kombinovane-rukavice\/Zastitne-rukavice-Tern\"><span style=\"color: #000000\">Za\u0161titne rukavice Tern<\/span><\/a><\/strong><\/p>\n<address>Gove\u0111i \u0161palt &#8211; dlan \u017eute boje, nadlanica i man\u017eetna od platna, postava na dlanu.\u00a0EN 388 1111<\/address>\n<address>Koristi se u gra\u0111evinskoj industriji, poljoprivredi, prilikom obrade metala, drveta, itd.<\/address>\n<address><a href=\"http:\/\/lea-ns.com\/wp-content\/uploads\/2012\/03\/radna-zastitna-rukavica-htz-r-kb025-tern1-e1334580733714.jpg\"><img decoding=\"async\" loading=\"lazy\" class=\"alignleft  wp-image-953\" title=\"radna-zastitna-rukavica-htz-r-kb025 tern\" src=\"http:\/\/lea-ns.com\/wp-content\/uploads\/2012\/03\/radna-zastitna-rukavica-htz-r-kb025-tern1-e1334580733714.jpg\" alt=\"\" width=\"350\" height=\"350\" srcset=\"http:\/\/lea-ns.com\/wp-content\/uploads\/2012\/03\/radna-zastitna-rukavica-htz-r-kb025-tern1-e1334580733714.jpg 500w, http:\/\/lea-ns.com\/wp-content\/uploads\/2012\/03\/radna-zastitna-rukavica-htz-r-kb025-tern1-e1334580733714-150x150.jpg 150w, http:\/\/lea-ns.com\/wp-content\/uploads\/2012\/03\/radna-zastitna-rukavica-htz-r-kb025-tern1-e1334580733714-300x300.jpg 300w\" sizes=\"(max-width: 350px) 100vw, 350px\" \/><\/a><\/address>\n<address>\u00a0<\/address>\n<address>\u00a0<\/address>\n<address>\u00a0<\/address>\n<h3><\/h3>\n<h3><\/h3>\n<h3><\/h3>\n<h3><\/h3>\n<h3><\/h3>\n<h3><\/h3>\n<h3><\/h3>\n<h3><\/h3>\n<h3><\/h3>\n<p><strong><a href=\"http:\/\/www.albo.biz\/sr-rs\/Zastitne-rukavice\/Slojevite-rukavice\/Zastitne-rukavice-Coot-plus\">Za\u0161titne rukavice Coot plus<\/a><\/strong><\/p>\n<p>Rukavice sa duplim slojem prirodnog lateksa na pamu\u010dnoj podlozi sa pove\u0107anom mogu\u0107no\u0161\u0107u apsorpcije znoja.\u00a0EN 388.\u00a0Koriste se u ma\u0161inskoj industriji, gra\u0111evinskoj industriji, industriji stakla&#8230;<\/p>\n<p><a href=\"http:\/\/lea-ns.com\/wp-content\/uploads\/2012\/03\/radna-zastitna-rukavica-htz-r-l012-coot-plus-best.jpg\"><img decoding=\"async\" loading=\"lazy\" class=\"alignleft  wp-image-955\" title=\"radna-zastitna-rukavica-htz-r-l012 coot plus  best\" src=\"http:\/\/lea-ns.com\/wp-content\/uploads\/2012\/03\/radna-zastitna-rukavica-htz-r-l012-coot-plus-best-e1334581025340.jpg\" alt=\"\" width=\"350\" height=\"350\" srcset=\"http:\/\/lea-ns.com\/wp-content\/uploads\/2012\/03\/radna-zastitna-rukavica-htz-r-l012-coot-plus-best-e1334581025340.jpg 500w, http:\/\/lea-ns.com\/wp-content\/uploads\/2012\/03\/radna-zastitna-rukavica-htz-r-l012-coot-plus-best-e1334581025340-150x150.jpg 150w, http:\/\/lea-ns.com\/wp-content\/uploads\/2012\/03\/radna-zastitna-rukavica-htz-r-l012-coot-plus-best-e1334581025340-300x300.jpg 300w\" sizes=\"(max-width: 350px) 100vw, 350px\" \/><\/a><\/p>\n<p>&nbsp;<\/p>\n<p>&nbsp;<\/p>\n<p>&nbsp;<\/p>\n<p>&nbsp;<\/p>\n<p>&nbsp;<\/p>\n<p>&nbsp;<\/p>\n<address>\u00a0<\/address>\n<address>\u00a0<\/address>\n<address>\u00a0<\/address>\n<address>\u00a0<\/address>\n<address>\u00a0<\/address>\n<address>\u00a0<\/address>\n<address>\u00a0<\/address>\n<address>\u00a0<\/address>\n<address>\u00a0<\/address>\n<address>\u00a0<\/address>\n<p>&nbsp;<\/p>\n<p><span style=\"color: #000000\"><strong><a href=\"http:\/\/www.albo.biz\/sr-rs\/Zastitne-rukavice\/Slojevite-rukavice\/Zastitne-rukavice-Dipper\"><span style=\"color: #000000\">Za\u0161titne rukavice Dipper<\/span><\/a><\/strong><\/span><\/p>\n<p>Pletene sa elasti\u010dnom man\u017eetnom, sa slojem prirodnog lateksa, elasti\u010dne, odli\u010dno prijanjaju uz ruku, hrapava protivklizna povr\u0161ina, ne iritiraju ko\u017eu.\u00a0EN 388 3141.\u00a0Rukavice se koriste u gra\u0111evinskoj industriji, industriji stakla, ma\u0161inskoj industriji, itd.<\/p>\n<p><a href=\"http:\/\/lea-ns.com\/wp-content\/uploads\/2012\/03\/radna-zastitna-rukavica-htz-r-l007-dipper.jpg\"><img decoding=\"async\" loading=\"lazy\" class=\"alignleft  wp-image-956\" title=\"radna-zastitna-rukavica-htz-r-l007 dipper\" src=\"http:\/\/lea-ns.com\/wp-content\/uploads\/2012\/03\/radna-zastitna-rukavica-htz-r-l007-dipper-e1334581184207.jpg\" alt=\"\" width=\"350\" height=\"350\" srcset=\"http:\/\/lea-ns.com\/wp-content\/uploads\/2012\/03\/radna-zastitna-rukavica-htz-r-l007-dipper-e1334581184207.jpg 500w, http:\/\/lea-ns.com\/wp-content\/uploads\/2012\/03\/radna-zastitna-rukavica-htz-r-l007-dipper-e1334581184207-150x150.jpg 150w, http:\/\/lea-ns.com\/wp-content\/uploads\/2012\/03\/radna-zastitna-rukavica-htz-r-l007-dipper-e1334581184207-300x300.jpg 300w\" sizes=\"(max-width: 350px) 100vw, 350px\" \/><\/a><\/p>\n<address>\u00a0<\/address>\n<address>\u00a0<\/address>\n<address>\u00a0<\/address>\n<address>\u00a0<\/address>\n<address>\u00a0<\/address>\n<address>\u00a0<\/address>\n<address>\u00a0<\/address>\n<address>\u00a0<\/address>\n<address>\u00a0<\/address>\n<address>\u00a0<\/address>\n<address>\u00a0<\/address>\n<address>\u00a0<\/address>\n<address>\u00a0<\/address>\n<address>\u00a0<\/address>\n<address>\u00a0<\/address>\n<address>\u00a0<\/address>\n<address>\u00a0<\/address>\n<address>\u00a0<\/address>\n<address>\u00a0<\/address>\n<address>\u00a0<\/address>\n","protected":false},"excerpt":{"rendered":"<p>Katalog rukavica : \u00a0u pdf \u00a0formatu : kliknite na \u00a0slova i sa\u010dekajte da se u\u010dita&#8230;&#8230; &nbsp; lea katalog rukavice\u00a0 \u00a0klikni&#8230;.. &nbsp; &nbsp; &nbsp; &nbsp; &nbsp; &nbsp; Ko\u017ene rukavice :\u00a0 Frankolin A klasa Gove\u0111a ko\u017ea obostrano, pamu\u010dna postava na dlanu.\u00a0EN 388 &hellip; <a href=\"http:\/\/lea-ns.com\/?page_id=17\">\u041d\u0430\u0441\u0442\u0430\u0432\u0438\u0442\u0435 \u0441\u0430 \u0447\u0438\u0442\u0430\u045a\u0435\u043c <span class=\"meta-nav\">&rarr;<\/span><\/a><\/p>\n","protected":false},"author":1,"featured_media":0,"parent":0,"menu_order":0,"comment_status":"closed","ping_status":"closed","template":"","meta":[],"_links":{"self":[{"href":"http:\/\/lea-ns.com\/index.php?rest_route=\/wp\/v2\/pages\/17"}],"collection":[{"href":"http:\/\/lea-ns.com\/index.php?rest_route=\/wp\/v2\/pages"}],"about":[{"href":"http:\/\/lea-ns.com\/index.php?rest_route=\/wp\/v2\/types\/page"}],"author":[{"embeddable":true,"href":"http:\/\/lea-ns.com\/index.php?rest_route=\/wp\/v2\/users\/1"}],"replies":[{"embeddable":true,"href":"http:\/\/lea-ns.com\/index.php?rest_route=%2Fwp%2Fv2%2Fcomments&post=17"}],"version-history":[{"count":288,"href":"http:\/\/lea-ns.com\/index.php?rest_route=\/wp\/v2\/pages\/17\/revisions"}],"predecessor-version":[{"id":8916,"href":"http:\/\/lea-ns.com\/index.php?rest_route=\/wp\/v2\/pages\/17\/revisions\/8916"}],"wp:attachment":[{"href":"http:\/\/lea-ns.com\/index.php?rest_route=%2Fwp%2Fv2%2Fmedia&parent=17"}],"curies":[{"name":"wp","href":"https:\/\/api.w.org\/{rel}","templated":true}]}}